{"id":16,"date":"2026-05-14T09:51:56","date_gmt":"2026-05-14T07:51:56","guid":{"rendered":"http:\/\/green-light.hu\/?page_id=16"},"modified":"2026-05-14T22:18:16","modified_gmt":"2026-05-14T20:18:16","slug":"home","status":"publish","type":"page","link":"https:\/\/green-light.hu\/","title":{"rendered":"Home"},"content":{"rendered":"\t\t<div data-elementor-type=\"wp-page\" data-elementor-id=\"16\" class=\"elementor elementor-16\">\n\t\t\t\t<div class=\"elementor-element elementor-element-3a6ba25 e-flex e-con-boxed e-con e-parent\" data-id=\"3a6ba25\" data-element_type=\"container\" data-e-type=\"container\" data-settings=\"{&quot;background_background&quot;:&quot;classic&quot;}\">\n\t\t\t\t\t<div class=\"e-con-inner\">\n\t\t\t\t\t\t\t<h2 \n\t\tdata-interaction-id=\"c84a3b9\" \n\t\tclass=\"e-c84a3b9-9f58a7b e-heading-base\" \n\t\t \n\t\t\n\t>\n\t\n\t\t\t<strong>VILLANYSZEREL\u00c9S FELS\u0150FOKON. <br>MINDENKINEK.<\/strong>\n\t\t<\/h2>\n\t\t\t\t<div class=\"elementor-element elementor-element-360aa73 elementor-mobile-align-center elementor-widget-mobile__width-initial elementor-widget elementor-widget-button\" data-id=\"360aa73\" data-element_type=\"widget\" data-e-type=\"widget\" data-widget_type=\"button.default\">\n\t\t\t\t\t\t\t\t\t\t<a class=\"elementor-button elementor-button-link elementor-size-sm\" href=\"#kapcsolat\">\n\t\t\t\t\t\t<span class=\"elementor-button-content-wrapper\">\n\t\t\t\t\t\t\t\t\t<span class=\"elementor-button-text\">Aj\u00e1nlatot k\u00e9rek!<\/span>\n\t\t\t\t\t<\/span>\n\t\t\t\t\t<\/a>\n\t\t\t\t\t\t\t\t<\/div>\n\t\t\t\t\t<\/div>\n\t\t\t\t<\/div>\n\t\t<div class=\"elementor-element elementor-element-4bd294a e-con-full e-flex e-con e-parent\" data-id=\"4bd294a\" data-element_type=\"container\" data-e-type=\"container\" data-settings=\"{&quot;background_background&quot;:&quot;classic&quot;}\">\n\t\t<div class=\"elementor-element elementor-element-56a514f e-con-full e-flex e-con e-child\" data-id=\"56a514f\" data-element_type=\"container\" data-e-type=\"container\" data-settings=\"{&quot;background_background&quot;:&quot;classic&quot;}\">\n\t\t<div class=\"elementor-element elementor-element-6432a64 e-con-full e-flex e-con e-child\" data-id=\"6432a64\" data-element_type=\"container\" data-e-type=\"container\" data-settings=\"{&quot;background_background&quot;:&quot;classic&quot;}\">\n\t\t\t\t\t\t\t<h2 \n\t\tdata-interaction-id=\"28dbc5a\" \n\t\tclass=\"e-28dbc5a-8a58c54 e-heading-base\" \n\t\t \n\t\t\n\t>\n\t\n\t\t\tSZAK\u00c9RTELEM\n\t\t<\/h2>\n\t\t\t\t\t\n<hr class=\"e-4ed3bb1-922d767 e-divider-base\" data-interaction-id=\"4ed3bb1\"   \/>\n\t\t\t\t\t\t\t\t<p class=\"e-40808f1-df46dd1 e-paragraph-base\" data-interaction-id=\"40808f1\"  >\n\t\t\t\t\t\t\t\tC\u00e9g\u00fcnk k\u00e9pzett villanyszerel\u0151kkel dolgozik, t\u00f6bb \u00e9ves szakmai tapasztalattal.\n\t\t\t\t\t<\/p>\n\t\t\t\t<\/div>\n\t\t<div class=\"elementor-element elementor-element-8aa448e e-con-full e-flex e-con e-child\" data-id=\"8aa448e\" data-element_type=\"container\" data-e-type=\"container\" data-settings=\"{&quot;background_background&quot;:&quot;classic&quot;}\">\n\t\t\t\t\t\t\t<h2 \n\t\tdata-interaction-id=\"0aa9c67\" \n\t\tclass=\"e-0aa9c67-46cfd0d e-heading-base\" \n\t\t \n\t\t\n\t>\n\t\n\t\t\tGARANCIA\n\t\t<\/h2>\n\t\t\t\t\t\n<hr class=\"e-e4d02ce-cb74470 e-divider-base\" data-interaction-id=\"e4d02ce\"   \/>\n\t\t\t\t\t\t\t\t<p class=\"e-ac63e29-e9f1c73 e-paragraph-base\" data-interaction-id=\"ac63e29\"  >\n\t\t\t\t\t\t\t\tMinden munk\u00e1nkra 3 \u00e9v teljesk\u00f6r\u0171 <br>garanci\u00e1t adunk.\n\t\t\t\t\t<\/p>\n\t\t\t\t<\/div>\n\t\t<div class=\"elementor-element elementor-element-dcfbebd e-con-full e-flex e-con e-child\" data-id=\"dcfbebd\" data-element_type=\"container\" data-e-type=\"container\" data-settings=\"{&quot;background_background&quot;:&quot;classic&quot;}\">\n\t\t\t\t\t\t\t<h2 \n\t\tdata-interaction-id=\"2cfc162\" \n\t\tclass=\"e-2cfc162-abc6a59 e-heading-base\" \n\t\t \n\t\t\n\t>\n\t\n\t\t\tMEGB\u00cdZHAT\u00d3S\u00c1G\n\t\t<\/h2>\n\t\t\t\t\t\n<hr class=\"e-07816e7-66609b6 e-divider-base\" data-interaction-id=\"07816e7\"   \/>\n\t\t\t\t\t\t\t\t<p class=\"e-d0e9cae-f63d0dc e-paragraph-base\" data-interaction-id=\"d0e9cae\"  >\n\t\t\t\t\t\t\t\tPrec\u00edz, pontos, szab\u00e1lyos munkav\u00e9gz\u00e9s. Tiszta, rendben tartott munkater\u00fclet. Id\u0151ben \u00e9rkez\u00e9s. Ezekb\u0151l sosem enged\u00fcnk!\n\t\t\t\t\t<\/p>\n\t\t\t\t<\/div>\n\t\t\t\t<\/div>\n\t\t\t\t<\/div>\n\t\t<div class=\"elementor-element elementor-element-38f3003 e-flex e-con-boxed e-con e-parent\" data-id=\"38f3003\" data-element_type=\"container\" data-e-type=\"container\" id=\"rolunk\">\n\t\t\t\t\t<div class=\"e-con-inner\">\n\t\t<div class=\"elementor-element elementor-element-5aa1c5e e-con-full e-flex e-con e-child\" data-id=\"5aa1c5e\" data-element_type=\"container\" data-e-type=\"container\">\n\t\t\t\t\t\t\t<h2 \n\t\tdata-interaction-id=\"60fb9ba\" \n\t\tclass=\"e-60fb9ba-506d4c3 e-heading-base\" \n\t\t \n\t\t\n\t>\n\t\n\t\t\tR\u00f3lunk\n\t\t<\/h2>\n\t\t\t\t\t\t\t\t<p class=\"e-38b92b5-1241873 e-paragraph-base\" data-interaction-id=\"38b92b5\"  >\n\t\t\t\t\t\t\t\tA 2026-ban alap\u00edtott <strong id=\"e-mp5sidms-bu5svwf\">Green Light Electric<\/strong> friss lend\u00fclettel, de t\u00f6bb \u00e9ves szakmai tapasztalattal rendelkez\u0151 csapattal v\u00e1gott bele a munk\u00e1ba. C\u00e9lunk az ig\u00e9nyes kivitelez\u00e9s \u00e9s a megalkuv\u00e1st nem ismer\u0151 biztons\u00e1g mellett az \u00fcgyf\u00e9lk\u00f6zpont\u00fas\u00e1g. Minden munk\u00e1n\u00e1l \u00dcgyfeleink val\u00f3di ig\u00e9nyeit \u00e9s biztons\u00e1g\u00e1t helyezz\u00fck el\u0151t\u00e9rbe, csak \u00fagy, mint saj\u00e1t otthonunk eset\u00e9n tenn\u00e9nk. <br><br>Folyamatosan k\u00f6vetj\u00fck a leg\u00fajabb technol\u00f3giai innov\u00e1ci\u00f3kat, hogy mindig a legkorszer\u0171bb \u00e9s leghat\u00e9konyabb megold\u00e1sokat ny\u00fajthassuk \u00dcgyfeleinknek.<br><br>Legyen sz\u00f3 kisebb munk\u00e1latokr\u00f3l vagy ak\u00e1r egy csal\u00e1di h\u00e1z teljesk\u00f6r\u0171 villanyszerel\u00e9s\u00e9r\u0151l, keressen minket bizalommal \u2013 mi f\u00e9nyt visz\u00fcnk a megold\u00e1sba!\n\t\t\t\t\t<\/p>\n\t\t\t\t<\/div>\n\t\t<div class=\"elementor-element elementor-element-07ac63e e-con-full e-flex e-con e-child\" data-id=\"07ac63e\" data-element_type=\"container\" data-e-type=\"container\">\n\t\t\t\t\t\t\t\n\t\t\t<img class=\"e-image-base \" \n\t\t\t\t\tdata-interaction-id=\"84edbc1\" \n\t\t \n\t\t \n\t\t\t\t\t\t\t\t\tid=\"37\"\n\t\t\t\t\t\t\t\t\t\t\t\tsrc=\"https:\/\/green-light.hu\/wp-content\/uploads\/2026\/05\/marcos-paulo-prado-SQgFtCh4dms-unsplash-1-scaled.jpg\"\n\t\t\t\t\t\t\t\t\t\t\t\twidth=\"2560\"\n\t\t\t\t\t\t\t\t\t\t\t\theight=\"1707\"\n\t\t\t\t\t\t\t\t\t\t\t\tsrcset=\"https:\/\/green-light.hu\/wp-content\/uploads\/2026\/05\/marcos-paulo-prado-SQgFtCh4dms-unsplash-1-scaled.jpg 2560w, https:\/\/green-light.hu\/wp-content\/uploads\/2026\/05\/marcos-paulo-prado-SQgFtCh4dms-unsplash-1-300x200.jpg 300w, https:\/\/green-light.hu\/wp-content\/uploads\/2026\/05\/marcos-paulo-prado-SQgFtCh4dms-unsplash-1-1024x683.jpg 1024w, https:\/\/green-light.hu\/wp-content\/uploads\/2026\/05\/marcos-paulo-prado-SQgFtCh4dms-unsplash-1-768x512.jpg 768w, https:\/\/green-light.hu\/wp-content\/uploads\/2026\/05\/marcos-paulo-prado-SQgFtCh4dms-unsplash-1-1536x1024.jpg 1536w, https:\/\/green-light.hu\/wp-content\/uploads\/2026\/05\/marcos-paulo-prado-SQgFtCh4dms-unsplash-1-2048x1365.jpg 2048w\"\n\t\t\t\t\t\t\t\t\t\t\t\talt=\"\"\n\t\t\t\t\t\t\/>\n\t\t\t\t\t<\/div>\n\t\t\t\t\t<\/div>\n\t\t\t\t<\/div>\n\t\t<div class=\"elementor-element elementor-element-bb2e529 e-flex e-con-boxed e-con e-parent\" data-id=\"bb2e529\" data-element_type=\"container\" data-e-type=\"container\" id=\"szolgaltatasaink\" data-settings=\"{&quot;background_background&quot;:&quot;classic&quot;}\">\n\t\t\t\t\t<div class=\"e-con-inner\">\n\t\t<div class=\"elementor-element elementor-element-721f753 e-con-full e-flex e-con e-child\" data-id=\"721f753\" data-element_type=\"container\" data-e-type=\"container\">\n\t\t\t\t\t\t\t<h2 \n\t\tdata-interaction-id=\"f26c92b\" \n\t\tclass=\"e-f26c92b-f8f896d e-heading-base\" \n\t\t \n\t\t\n\t>\n\t\n\t\t\tSzolg\u00e1ltat\u00e1saink\n\t\t<\/h2>\n\t\t\t\t<\/div>\n\t\t<div class=\"elementor-element elementor-element-0503ad1 e-con-full e-flex e-con e-child\" data-id=\"0503ad1\" data-element_type=\"container\" data-e-type=\"container\" data-settings=\"{&quot;background_background&quot;:&quot;classic&quot;}\">\n\t\t<div class=\"elementor-element elementor-element-b341736 e-con-full e-flex e-con e-child\" data-id=\"b341736\" data-element_type=\"container\" data-e-type=\"container\">\n\t\t\t\t<div class=\"elementor-element elementor-element-7e646b4 elementor-view-default elementor-widget elementor-widget-icon\" data-id=\"7e646b4\" data-element_type=\"widget\" data-e-type=\"widget\" data-widget_type=\"icon.default\">\n\t\t\t\t\t\t\t<div class=\"elementor-icon-wrapper\">\n\t\t\t<div class=\"elementor-icon\">\n\t\t\t<i aria-hidden=\"true\" class=\"fas fa-house-damage\"><\/i>\t\t\t<\/div>\n\t\t<\/div>\n\t\t\t\t\t\t<\/div>\n\t\t\t\t\t\t\t\t<p class=\"e-ce20a77-c22ff86 e-paragraph-base\" data-interaction-id=\"ce20a77\"  >\n\t\t\t\t\t\t\t\t\u00daj villamosh\u00e1l\u00f3zat ki\u00e9p\u00edt\u00e9se vagy megl\u00e9v\u0151 villamosh\u00e1l\u00f3zat teljesk\u00f6r\u0171 fel\u00faj\u00edt\u00e1sa.\n\t\t\t\t\t<\/p>\n\t\t\t\t<\/div>\n\t\t<div class=\"elementor-element elementor-element-1f0780a e-con-full e-flex e-con e-child\" data-id=\"1f0780a\" data-element_type=\"container\" data-e-type=\"container\">\n\t\t\t\t<div class=\"elementor-element elementor-element-16c6339 elementor-view-default elementor-widget elementor-widget-icon\" data-id=\"16c6339\" data-element_type=\"widget\" data-e-type=\"widget\" data-widget_type=\"icon.default\">\n\t\t\t\t\t\t\t<div class=\"elementor-icon-wrapper\">\n\t\t\t<div class=\"elementor-icon\">\n\t\t\t<i aria-hidden=\"true\" class=\"fas fa-wrench\"><\/i>\t\t\t<\/div>\n\t\t<\/div>\n\t\t\t\t\t\t<\/div>\n\t\t\t\t\t\t\t\t<p class=\"e-59f1cb0-856dce3 e-paragraph-base\" data-interaction-id=\"59f1cb0\"  >\n\t\t\t\t\t\t\t\t Elektromos hiba elh\u00e1r\u00edt\u00e1sa.\n\t\t\t\t\t<\/p>\n\t\t\t\t<\/div>\n\t\t<div class=\"elementor-element elementor-element-2736ee2 e-con-full e-flex e-con e-child\" data-id=\"2736ee2\" data-element_type=\"container\" data-e-type=\"container\">\n\t\t\t\t<div class=\"elementor-element elementor-element-809eaf1 elementor-view-default elementor-widget elementor-widget-icon\" data-id=\"809eaf1\" data-element_type=\"widget\" data-e-type=\"widget\" data-widget_type=\"icon.default\">\n\t\t\t\t\t\t\t<div class=\"elementor-icon-wrapper\">\n\t\t\t<div class=\"elementor-icon\">\n\t\t\t<i aria-hidden=\"true\" class=\"fas fa-bolt\"><\/i>\t\t\t<\/div>\n\t\t<\/div>\n\t\t\t\t\t\t<\/div>\n\t\t\t\t\t\t\t\t<p class=\"e-f872624-b80cab3 e-paragraph-base\" data-interaction-id=\"f872624\"  >\n\t\t\t\t\t\t\t\tElektromos g\u00e9pek, eszk\u00f6z\u00f6k h\u00e1l\u00f3zatra<br>csatlakoztat\u00e1sa.\n\t\t\t\t\t<\/p>\n\t\t\t\t<\/div>\n\t\t\t\t<\/div>\n\t\t\t\t\t<\/div>\n\t\t\t\t<\/div>\n\t\t<div class=\"elementor-element elementor-element-bc68ef6 e-con-full e-flex e-con e-parent\" data-id=\"bc68ef6\" data-element_type=\"container\" data-e-type=\"container\" id=\"kapcsolat\">\n\t\t<div class=\"elementor-element elementor-element-f027a92 e-con-full e-flex e-con e-child\" data-id=\"f027a92\" data-element_type=\"container\" data-e-type=\"container\" data-settings=\"{&quot;background_background&quot;:&quot;classic&quot;}\">\n\t\t\t\t\t\t\t<h2 \n\t\tdata-interaction-id=\"025865c\" \n\t\tclass=\"e-025865c-4fe04b3 e-heading-base\" \n\t\t \n\t\t\n\t>\n\t\n\t\t\tTartsuk a kapcsolatot!\n\t\t<\/h2>\n\t\t\t\t<div class=\"elementor-element elementor-element-10025bb elementor-align-start elementor-icon-list--layout-traditional elementor-list-item-link-full_width elementor-widget elementor-widget-icon-list\" data-id=\"10025bb\" data-element_type=\"widget\" data-e-type=\"widget\" data-widget_type=\"icon-list.default\">\n\t\t\t\t\t\t\t<ul class=\"elementor-icon-list-items\">\n\t\t\t\t\t\t\t<li class=\"elementor-icon-list-item\">\n\t\t\t\t\t\t\t\t\t\t\t<span class=\"elementor-icon-list-icon\">\n\t\t\t\t\t\t\t<i aria-hidden=\"true\" class=\" ti-email\"><\/i>\t\t\t\t\t\t<\/span>\n\t\t\t\t\t\t\t\t\t\t<span class=\"elementor-icon-list-text\">gle.info26@gmail.com<\/span>\n\t\t\t\t\t\t\t\t\t<\/li>\n\t\t\t\t\t\t\t\t<li class=\"elementor-icon-list-item\">\n\t\t\t\t\t\t\t\t\t\t\t<span class=\"elementor-icon-list-icon\">\n\t\t\t\t\t\t\t<i aria-hidden=\"true\" class=\"lnr lnr-phone-handset\"><\/i>\t\t\t\t\t\t<\/span>\n\t\t\t\t\t\t\t\t\t\t<span class=\"elementor-icon-list-text\">06706719457<\/span>\n\t\t\t\t\t\t\t\t\t<\/li>\n\t\t\t\t\t\t\t\t<li class=\"elementor-icon-list-item\">\n\t\t\t\t\t\t\t\t\t\t\t<span class=\"elementor-icon-list-icon\">\n\t\t\t\t\t\t\t<i aria-hidden=\"true\" class=\"lnr lnr-phone-handset\"><\/i>\t\t\t\t\t\t<\/span>\n\t\t\t\t\t\t\t\t\t\t<span class=\"elementor-icon-list-text\">06205414876<\/span>\n\t\t\t\t\t\t\t\t\t<\/li>\n\t\t\t\t\t\t\t\t<li class=\"elementor-icon-list-item\">\n\t\t\t\t\t\t\t\t\t\t\t<a href=\"https:\/\/www.facebook.com\/people\/Green-Light-Electric\/61567356670600\/?mibextid=wwXIfr&#038;rdid=8htc7WXaeQy7AxIS&#038;share_url=https%3A%2F%2Fwww.facebook.com%2Fshare%2F1GNNSRgYj8%2F%3Fmibextid%3DwwXIfr\">\n\n\t\t\t\t\t\t\t\t\t\t\t\t<span class=\"elementor-icon-list-icon\">\n\t\t\t\t\t\t\t<i aria-hidden=\"true\" class=\"fab fa-facebook\"><\/i>\t\t\t\t\t\t<\/span>\n\t\t\t\t\t\t\t\t\t\t<span class=\"elementor-icon-list-text\">Green Light Electric<\/span>\n\t\t\t\t\t\t\t\t\t\t\t<\/a>\n\t\t\t\t\t\t\t\t\t<\/li>\n\t\t\t\t\t\t<\/ul>\n\t\t\t\t\t\t<\/div>\n\t\t\t\t<\/div>\n\t\t<div class=\"elementor-element elementor-element-d6b6d77 e-con-full e-flex e-con e-child\" data-id=\"d6b6d77\" data-element_type=\"container\" data-e-type=\"container\">\n\t\t\t\t<div class=\"elementor-element elementor-element-d668188 fluentform-widget-submit-button-custom elementor-widget elementor-widget-fluent-form-widget\" data-id=\"d668188\" data-element_type=\"widget\" data-e-type=\"widget\" data-widget_type=\"fluent-form-widget.default\">\n\t\t\t\t<div class=\"elementor-widget-container\">\n\t\t\t\t\t\n            <div class=\"fluentform-widget-wrapper fluentform-widget-align-center\">\n\n            \n            <div class='fluentform ff-default fluentform_wrapper_2 ffs_default_wrap'><form data-form_id=\"2\" id=\"fluentform_2\" class=\"frm-fluent-form fluent_form_2 ff-el-form-top ff_form_instance_2_1 ff-form-loading ffs_default\" data-form_instance=\"ff_form_instance_2_1\" method=\"POST\" ><fieldset  style=\"border: none!important;margin: 0!important;padding: 0!important;background-color: transparent!important;box-shadow: none!important;outline: none!important; min-inline-size: 100%;\">\n                    <legend class=\"ff_screen_reader_title\" style=\"display: block; margin: 0!important;padding: 0!important;height: 0!important;text-indent: -999999px;width: 0!important;overflow:hidden;\">Kapcsolatfelv\u00e9tel<\/legend><input type='hidden' name='__fluent_form_embded_post_id' value='16' \/><input type=\"hidden\" id=\"_fluentform_2_fluentformnonce\" name=\"_fluentform_2_fluentformnonce\" value=\"644776a6a3\" \/><input type=\"hidden\" name=\"_wp_http_referer\" value=\"\/index.php?rest_route=%2Fwp%2Fv2%2Fpages%2F16\" \/><div data-type=\"name-element\" data-name=\"names\" class=\" ff-field_container ff-name-field-wrapper\" ><div class='ff-t-container'><div class='ff-t-cell '><div class='ff-el-group ff-el-form-top'><div class=\"ff-el-input--label asterisk-right\"><label for='ff_2_names_first_name_' id='label_ff_2_names_first_name_' >N\u00e9v<\/label><\/div><div class='ff-el-input--content'><input type=\"text\" name=\"names[first_name]\" id=\"ff_2_names_first_name_\" class=\"ff-el-form-control\" placeholder=\"N\u00e9v\" aria-invalid=\"false\" aria-required=false><\/div><\/div><\/div><\/div><\/div><div class='ff-el-group'><div class=\"ff-el-input--label asterisk-right\"><label for='ff_2_email' id='label_ff_2_email' aria-label=\"E-mail\">E-mail<\/label><\/div><div class='ff-el-input--content'><input type=\"email\" name=\"email\" id=\"ff_2_email\" class=\"ff-el-form-control\" placeholder=\"E-mail\" data-name=\"email\"  aria-invalid=\"false\" aria-required=false><\/div><\/div><div class='ff-el-group'><div class=\"ff-el-input--label asterisk-right\"><label for='ff_2_description' id='label_ff_2_description' aria-label=\"\u00dczenet\">\u00dczenet<\/label><\/div><div class='ff-el-input--content'><textarea aria-required=\"false\" aria-labelledby=\"label_ff_2_description\" name=\"description\" id=\"ff_2_description\" class=\"ff-el-form-control\" placeholder=\"K\u00e9rj\u00fck mondja el, hogy miben seg\u00edthet\u00fcnk!\" rows=\"3\" cols=\"2\" data-name=\"description\" ><\/textarea><\/div><\/div><div class='ff-el-group ff-text-left ff_submit_btn_wrapper'><button type=\"submit\" class=\"ff-btn ff-btn-submit ff-btn-md ff_btn_style\"  aria-label=\"K\u00fcld\u00e9s\">K\u00fcld\u00e9s<\/button><\/div><\/fieldset><\/form><div id='fluentform_2_errors' class='ff-errors-in-stack ff_form_instance_2_1 ff-form-loading_errors ff_form_instance_2_1_errors'><\/div><\/div>            <script type=\"text\/javascript\">\n                window.fluent_form_ff_form_instance_2_1 = {\"id\":\"2\",\"ajaxUrl\":\"https:\\\/\\\/green-light.hu\\\/wp-admin\\\/admin-ajax.php\",\"settings\":{\"layout\":{\"labelPlacement\":\"top\",\"helpMessagePlacement\":\"with_label\",\"errorMessagePlacement\":\"inline\",\"asteriskPlacement\":\"asterisk-right\"},\"restrictions\":{\"denyEmptySubmission\":{\"enabled\":false}}},\"form_instance\":\"ff_form_instance_2_1\",\"form_id_selector\":\"fluentform_2\",\"rules\":{\"names[first_name]\":{\"required\":{\"value\":false,\"message\":\"Ez egy k\\u00f6telez\\u0151 mez\\u0151\",\"global_message\":\"Ez egy k\\u00f6telez\\u0151 mez\\u0151\",\"global\":true}},\"names[middle_name]\":{\"required\":{\"value\":false,\"message\":\"Ez egy k\\u00f6telez\\u0151 mez\\u0151\",\"global_message\":\"Ez egy k\\u00f6telez\\u0151 mez\\u0151\",\"global\":true}},\"names[last_name]\":{\"required\":{\"value\":false,\"message\":\"Ez egy k\\u00f6telez\\u0151 mez\\u0151\",\"global_message\":\"Ez egy k\\u00f6telez\\u0151 mez\\u0151\",\"global\":true}},\"email\":{\"required\":{\"value\":false,\"message\":\"Ez egy k\\u00f6telez\\u0151 mez\\u0151\",\"global_message\":\"Ez egy k\\u00f6telez\\u0151 mez\\u0151\",\"global\":true},\"email\":{\"value\":true,\"message\":\"A mez\\u0151nek \\u00e9rv\\u00e9nyes emailc\\u00edmet kell tartalmaznia\",\"global_message\":\"A mez\\u0151nek \\u00e9rv\\u00e9nyes emailc\\u00edmet kell tartalmaznia\",\"global\":true}},\"description\":{\"required\":{\"value\":false,\"message\":\"Ez egy k\\u00f6telez\\u0151 mez\\u0151\",\"global_message\":\"Ez egy k\\u00f6telez\\u0151 mez\\u0151\",\"global\":true}}},\"debounce_time\":300};\n                            <\/script>\n                        <\/div>\n\n            \t\t\t\t<\/div>\n\t\t\t\t<\/div>\n\t\t\t\t<\/div>\n\t\t\t\t<\/div>\n\t\t\t\t<\/div>\n\t\t","protected":false},"excerpt":{"rendered":"<p>VILLANYSZEREL\u00c9S FELS\u0150FOKON. MINDENKINEK. Aj\u00e1nlatot k\u00e9rek! SZAK\u00c9RTELEM C\u00e9g\u00fcnk k\u00e9pzett villanyszerel\u0151kkel dolgozik, t\u00f6bb \u00e9ves szakmai tapasztalattal. GARANCIA Minden munk\u00e1nkra 3 \u00e9v teljesk\u00f6r\u0171 garanci\u00e1t adunk. MEGB\u00cdZHAT\u00d3S\u00c1G Prec\u00edz, pontos, szab\u00e1lyos munkav\u00e9gz\u00e9s. Tiszta, rendben tartott munkater\u00fclet. Id\u0151ben \u00e9rkez\u00e9s. Ezekb\u0151l sosem enged\u00fcnk! R\u00f3lunk A 2026-ban alap\u00edtott Green Light Electric friss lend\u00fclettel, de t\u00f6bb \u00e9ves szakmai tapasztalattal rendelkez\u0151 csapattal v\u00e1gott bele a [&hellip;]<\/p>\n","protected":false},"author":1,"featured_media":0,"parent":0,"menu_order":0,"comment_status":"closed","ping_status":"closed","template":"elementor_header_footer","meta":{"footnotes":""},"class_list":["post-16","page","type-page","status-publish","hentry"],"_links":{"self":[{"href":"https:\/\/green-light.hu\/index.php?rest_route=\/wp\/v2\/pages\/16","targetHints":{"allow":["GET"]}}],"collection":[{"href":"https:\/\/green-light.hu\/index.php?rest_route=\/wp\/v2\/pages"}],"about":[{"href":"https:\/\/green-light.hu\/index.php?rest_route=\/wp\/v2\/types\/page"}],"author":[{"embeddable":true,"href":"https:\/\/green-light.hu\/index.php?rest_route=\/wp\/v2\/users\/1"}],"replies":[{"embeddable":true,"href":"https:\/\/green-light.hu\/index.php?rest_route=%2Fwp%2Fv2%2Fcomments&post=16"}],"version-history":[{"count":100,"href":"https:\/\/green-light.hu\/index.php?rest_route=\/wp\/v2\/pages\/16\/revisions"}],"predecessor-version":[{"id":200,"href":"https:\/\/green-light.hu\/index.php?rest_route=\/wp\/v2\/pages\/16\/revisions\/200"}],"wp:attachment":[{"href":"https:\/\/green-light.hu\/index.php?rest_route=%2Fwp%2Fv2%2Fmedia&parent=16"}],"curies":[{"name":"wp","href":"https:\/\/api.w.org\/{rel}","templated":true}]}}